{"id":203,"date":"2021-07-28T18:57:44","date_gmt":"2021-07-28T16:57:44","guid":{"rendered":"https:\/\/drdoryumu.ab-healthmedia.com\/?page_id=203"},"modified":"2022-06-25T01:48:21","modified_gmt":"2022-06-24T23:48:21","slug":"fee","status":"publish","type":"page","link":"https:\/\/drdoryumu.ab-healthmedia.com\/en\/practice\/fee\/","title":{"rendered":"Remuneration"},"content":{"rendered":"<p><span style=\"font-weight: 400;\">The practice of Dr. Doryumu &amp; colleagues with locations in Landstuhl and Kaiserslautern is approved for all statutory health insurance companies, private insurance companies and self-paying patients. In addition, there is the option of billing via TRICARE at the Landstuhl location.<\/span><\/p>\n<p>&nbsp;<\/p>\n<h1><strong>Fees<\/strong><\/h1>\n<p>&nbsp;<\/p>\n<ol>\n<li><span style=\"font-weight: 400;\"> Statutory health insurance: Services that we provide for statutory health insurance patients are billed to your health insurance company. Simply bring your insurance card with you to your treatment appointment. If we provide services that are not covered by statutory health insurance, you will receive a cost estimate before the start of treatment. The invoice for these services will then be sent to you directly later.\u00a0<\/span><\/li>\n<\/ol>\n<p>&nbsp;<\/p>\n<ol start=\"2\">\n<li><span style=\"font-weight: 400;\"> For privately insured patients, the Fee Schedule for Dentists (Geb\u00fchrenordnung f\u00fcr Zahn\u00e4rzte, GOZ) applies. You will first receive a cost estimate for the planned treatment and, once it is completed, an invoice that you can submit to your private health insurance company. The amount of this reimbursement depends on your individual insurance plan.<\/span><\/li>\n<\/ol>\n<p>&nbsp;<\/p>\n<ol start=\"3\">\n<li><span style=\"font-weight: 400;\"> As a self-payer, you bear the costs of the therapy privately. In this case, patient data will not be passed on to the health insurance company.<\/span><\/li>\n<\/ol>\n<p>&nbsp;<\/p>\n<ol start=\"4\">\n<li><span style=\"font-weight: 400;\"> TRICARE: Members of the US armed forces have the option of billing all or part of the treatment via TRICARE.\u00a0<\/span><\/li>\n<\/ol>\n<p>&nbsp;<\/p>\n","protected":false},"excerpt":{"rendered":"<p>The practice of Dr. Doryumu &amp; colleagues with locations in Landstuhl and Kaiserslautern is approved for all statutory health insurance companies, private insurance companies and self-paying patients. In addition, there is the option of billing via TRICARE at the Landstuhl location. &nbsp; Fees &nbsp; Statutory health insurance: Services that we provide for statutory health insurance [&hellip;]<\/p>\n","protected":false},"author":1,"featured_media":1667,"parent":144,"menu_order":0,"comment_status":"closed","ping_status":"closed","template":"","meta":{"footnotes":""},"class_list":["post-203","page","type-page","status-publish","has-post-thumbnail","hentry"],"yoast_head":"<!-- This site is optimized with the Yoast SEO plugin v16.8 - https:\/\/yoast.com\/wordpress\/plugins\/seo\/ -->\n<meta name=\"robots\" content=\"noindex, follow, max-snippet:-1, max-image-preview:large, max-video-preview:-1\" \/>\n<meta property=\"og:locale\" content=\"en_US\" \/>\n<meta property=\"og:type\" content=\"article\" \/>\n<meta property=\"og:title\" content=\"Remuneration - DrDoryumu\" \/>\n<meta property=\"og:description\" content=\"The practice of Dr. Doryumu &amp; colleagues with locations in Landstuhl and Kaiserslautern is approved for all statutory health insurance companies, private insurance companies and self-paying patients. In addition, there is the option of billing via TRICARE at the Landstuhl location. &nbsp; Fees &nbsp; Statutory health insurance: Services that we provide for statutory health insurance [&hellip;]\" \/>\n<meta property=\"og:url\" content=\"https:\/\/drdoryumu.ab-healthmedia.com\/en\/practice\/fee\/\" \/>\n<meta property=\"og:site_name\" content=\"DrDoryumu\" \/>\n<meta property=\"article:modified_time\" content=\"2022-06-24T23:48:21+00:00\" \/>\n<meta property=\"og:image\" content=\"https:\/\/drdoryumu.ab-healthmedia.com\/wp-content\/uploads\/2022\/06\/drdoryumu-background-small-4.jpg\" \/>\n\t<meta property=\"og:image:width\" content=\"1920\" \/>\n\t<meta property=\"og:image:height\" content=\"680\" \/>\n<meta name=\"twitter:card\" content=\"summary_large_image\" \/>\n<meta name=\"twitter:label1\" content=\"Est. reading time\" \/>\n\t<meta name=\"twitter:data1\" content=\"1 minute\" \/>\n<script type=\"application\/ld+json\" class=\"yoast-schema-graph\">{\"@context\":\"https:\/\/schema.org\",\"@graph\":[{\"@type\":\"WebSite\",\"@id\":\"https:\/\/drdoryumu.ab-healthmedia.com\/#website\",\"url\":\"https:\/\/drdoryumu.ab-healthmedia.com\/\",\"name\":\"DrDoryumu\",\"description\":\"Eine weitere WordPress-Website\",\"potentialAction\":[{\"@type\":\"SearchAction\",\"target\":{\"@type\":\"EntryPoint\",\"urlTemplate\":\"https:\/\/drdoryumu.ab-healthmedia.com\/?s={search_term_string}\"},\"query-input\":\"required name=search_term_string\"}],\"inLanguage\":\"en-US\"},{\"@type\":\"ImageObject\",\"@id\":\"https:\/\/drdoryumu.ab-healthmedia.com\/en\/practice\/fee\/#primaryimage\",\"inLanguage\":\"en-US\",\"url\":\"https:\/\/drdoryumu.ab-healthmedia.com\/wp-content\/uploads\/2022\/08\/background1-slide5.jpg\",\"contentUrl\":\"https:\/\/drdoryumu.ab-healthmedia.com\/wp-content\/uploads\/2022\/08\/background1-slide5.jpg\",\"width\":1920,\"height\":680},{\"@type\":\"WebPage\",\"@id\":\"https:\/\/drdoryumu.ab-healthmedia.com\/en\/practice\/fee\/#webpage\",\"url\":\"https:\/\/drdoryumu.ab-healthmedia.com\/en\/practice\/fee\/\",\"name\":\"Remuneration - DrDoryumu\",\"isPartOf\":{\"@id\":\"https:\/\/drdoryumu.ab-healthmedia.com\/#website\"},\"primaryImageOfPage\":{\"@id\":\"https:\/\/drdoryumu.ab-healthmedia.com\/en\/practice\/fee\/#primaryimage\"},\"datePublished\":\"2021-07-28T16:57:44+00:00\",\"dateModified\":\"2022-06-24T23:48:21+00:00\",\"breadcrumb\":{\"@id\":\"https:\/\/drdoryumu.ab-healthmedia.com\/en\/practice\/fee\/#breadcrumb\"},\"inLanguage\":\"en-US\",\"potentialAction\":[{\"@type\":\"ReadAction\",\"target\":[\"https:\/\/drdoryumu.ab-healthmedia.com\/en\/practice\/fee\/\"]}]},{\"@type\":\"BreadcrumbList\",\"@id\":\"https:\/\/drdoryumu.ab-healthmedia.com\/en\/practice\/fee\/#breadcrumb\",\"itemListElement\":[{\"@type\":\"ListItem\",\"position\":1,\"name\":\"Startseite\",\"item\":\"https:\/\/drdoryumu.ab-healthmedia.com\/en\/home\/\"},{\"@type\":\"ListItem\",\"position\":2,\"name\":\"Practice\",\"item\":\"https:\/\/drdoryumu.ab-healthmedia.com\/en\/practice\/\"},{\"@type\":\"ListItem\",\"position\":3,\"name\":\"Remuneration\"}]}]}<\/script>\n<!-- \/ Yoast SEO plugin. -->","yoast_head_json":{"robots":{"index":"noindex","follow":"follow","max-snippet":"max-snippet:-1","max-image-preview":"max-image-preview:large","max-video-preview":"max-video-preview:-1"},"og_locale":"en_US","og_type":"article","og_title":"Remuneration - DrDoryumu","og_description":"The practice of Dr. Doryumu &amp; colleagues with locations in Landstuhl and Kaiserslautern is approved for all statutory health insurance companies, private insurance companies and self-paying patients. In addition, there is the option of billing via TRICARE at the Landstuhl location. &nbsp; Fees &nbsp; Statutory health insurance: Services that we provide for statutory health insurance [&hellip;]","og_url":"https:\/\/drdoryumu.ab-healthmedia.com\/en\/practice\/fee\/","og_site_name":"DrDoryumu","article_modified_time":"2022-06-24T23:48:21+00:00","og_image":[{"width":1920,"height":680,"filesize":143534,"url":"https:\/\/drdoryumu.ab-healthmedia.com\/wp-content\/uploads\/2022\/06\/drdoryumu-background-small-4.jpg","path":"\/homepages\/7\/d843192979\/htdocs\/DrD\/DrDoryumu\/wp-content\/uploads\/2022\/06\/drdoryumu-background-small-4.jpg","size":"full","id":1620,"alt":"","pixels":1305600,"type":"image\/jpeg"}],"twitter_card":"summary_large_image","twitter_misc":{"Est. reading time":"1 minute"},"schema":{"@context":"https:\/\/schema.org","@graph":[{"@type":"WebSite","@id":"https:\/\/drdoryumu.ab-healthmedia.com\/#website","url":"https:\/\/drdoryumu.ab-healthmedia.com\/","name":"DrDoryumu","description":"Eine weitere WordPress-Website","potentialAction":[{"@type":"SearchAction","target":{"@type":"EntryPoint","urlTemplate":"https:\/\/drdoryumu.ab-healthmedia.com\/?s={search_term_string}"},"query-input":"required name=search_term_string"}],"inLanguage":"en-US"},{"@type":"ImageObject","@id":"https:\/\/drdoryumu.ab-healthmedia.com\/en\/practice\/fee\/#primaryimage","inLanguage":"en-US","url":"https:\/\/drdoryumu.ab-healthmedia.com\/wp-content\/uploads\/2022\/08\/background1-slide5.jpg","contentUrl":"https:\/\/drdoryumu.ab-healthmedia.com\/wp-content\/uploads\/2022\/08\/background1-slide5.jpg","width":1920,"height":680},{"@type":"WebPage","@id":"https:\/\/drdoryumu.ab-healthmedia.com\/en\/practice\/fee\/#webpage","url":"https:\/\/drdoryumu.ab-healthmedia.com\/en\/practice\/fee\/","name":"Remuneration - DrDoryumu","isPartOf":{"@id":"https:\/\/drdoryumu.ab-healthmedia.com\/#website"},"primaryImageOfPage":{"@id":"https:\/\/drdoryumu.ab-healthmedia.com\/en\/practice\/fee\/#primaryimage"},"datePublished":"2021-07-28T16:57:44+00:00","dateModified":"2022-06-24T23:48:21+00:00","breadcrumb":{"@id":"https:\/\/drdoryumu.ab-healthmedia.com\/en\/practice\/fee\/#breadcrumb"},"inLanguage":"en-US","potentialAction":[{"@type":"ReadAction","target":["https:\/\/drdoryumu.ab-healthmedia.com\/en\/practice\/fee\/"]}]},{"@type":"BreadcrumbList","@id":"https:\/\/drdoryumu.ab-healthmedia.com\/en\/practice\/fee\/#breadcrumb","itemListElement":[{"@type":"ListItem","position":1,"name":"Startseite","item":"https:\/\/drdoryumu.ab-healthmedia.com\/en\/home\/"},{"@type":"ListItem","position":2,"name":"Practice","item":"https:\/\/drdoryumu.ab-healthmedia.com\/en\/practice\/"},{"@type":"ListItem","position":3,"name":"Remuneration"}]}]}},"_links":{"self":[{"href":"https:\/\/drdoryumu.ab-healthmedia.com\/en\/wp-json\/wp\/v2\/pages\/203","targetHints":{"allow":["GET"]}}],"collection":[{"href":"https:\/\/drdoryumu.ab-healthmedia.com\/en\/wp-json\/wp\/v2\/pages"}],"about":[{"href":"https:\/\/drdoryumu.ab-healthmedia.com\/en\/wp-json\/wp\/v2\/types\/page"}],"author":[{"embeddable":true,"href":"https:\/\/drdoryumu.ab-healthmedia.com\/en\/wp-json\/wp\/v2\/users\/1"}],"replies":[{"embeddable":true,"href":"https:\/\/drdoryumu.ab-healthmedia.com\/en\/wp-json\/wp\/v2\/comments?post=203"}],"version-history":[{"count":8,"href":"https:\/\/drdoryumu.ab-healthmedia.com\/en\/wp-json\/wp\/v2\/pages\/203\/revisions"}],"predecessor-version":[{"id":1501,"href":"https:\/\/drdoryumu.ab-healthmedia.com\/en\/wp-json\/wp\/v2\/pages\/203\/revisions\/1501"}],"up":[{"embeddable":true,"href":"https:\/\/drdoryumu.ab-healthmedia.com\/en\/wp-json\/wp\/v2\/pages\/144"}],"wp:featuredmedia":[{"embeddable":true,"href":"https:\/\/drdoryumu.ab-healthmedia.com\/en\/wp-json\/wp\/v2\/media\/1667"}],"wp:attachment":[{"href":"https:\/\/drdoryumu.ab-healthmedia.com\/en\/wp-json\/wp\/v2\/media?parent=203"}],"curies":[{"name":"wp","href":"https:\/\/api.w.org\/{rel}","templated":true}]}}